{"id":21,"date":"2016-09-29T22:15:25","date_gmt":"2016-09-29T20:15:25","guid":{"rendered":"http:\/\/joeslein.de\/?page_id=21"},"modified":"2017-01-01T17:47:36","modified_gmt":"2017-01-01T16:47:36","slug":"klangschalentherapie-petra-krause","status":"publish","type":"page","link":"https:\/\/www.joeslein.de\/index.php\/klangschalentherapie-petra-krause\/","title":{"rendered":"Klangschalentherapie Petra Krause"},"content":{"rendered":"<p>Was ist Klangtherapie?<\/p>\n<p>Die Klangschalentherapie ist ein System bei dem tibetische Klangschalen, Zimbeln, Monocord, Klangliege und verschiedene<\/p>\n<p>Gongs zum Einsatz kommen.<\/p>\n<p>Die Klangschalen werden entsprechend dem Energiefeld des Menschen um und auf den K\u00f6rper gesetzt.<\/p>\n<p>Das gesamte Klangschalenset wird nach einem bestimmten System angeschlagen.<\/p>\n<p>Durch die sanften bis kraftvollen meditativen Kl\u00e4nge der Klangschalen und Gongs entsteht ein &#8222;Klangteppich&#8220;, der Sie einh\u00fcllt<\/p>\n<p>und gleichzeitig durchstr\u00f6mt und somit sanft in einen Zustand wird Stress abgebaut und die Selbstheiligungskr\u00e4fte sowie das<\/p>\n<p>Immunsystem aktiviert und gest\u00e4rkt.<\/p>\n<p>Lassen Sie sich auf sich selbst ein und genie\u00dfen Sie eine reinigende und energetisierende Wirkung der Kl\u00e4nge, welche auch im<\/p>\n<p>k\u00f6rperlichen Bereich Blockaden und Spannungen l\u00f6sen und Schmerzzust\u00e4nde lindern oder ganz heilen k\u00f6nnen.<\/p>\n<p>Was biete ich an?<\/p>\n<p>Einzelsitzungen:<\/p>\n<p>Bei den Einzelsitzungen der Klangschalentherapie werden tibetische Klangschalen um und auf den K\u00f6rper gestellt und nach einem<\/p>\n<p>bestimmen System unter Einbeziehung von Zimbeln, Monocord, Klangliege und verschiedenen Gongs angeschlagen.<\/p>\n<p>Zum Inhalt einer Sitzung geh\u00f6rt\u00a0 je nach Wunsch ein Vor- und Nachgespr\u00e4ch.<\/p>\n<p>Termine nach telefonischer Vereinbarung.<\/p>\n<p>Kleine Klangerlebnis-Kurse:<\/p>\n<p>Bei Klangerlebnissen nehmen immer mehrere Personen teil,\u00a0 welche in der Mitte des Raumes auf Matten liegen.<\/p>\n<p>Der duch die Klangtherapeuten erzeugte &#8222;Klangraum&#8220;,\u00a0 f\u00fchrt Sie zur Entspannung und Gelassenheit und l\u00e4sst Sie tiefsten<\/p>\n<p>Frieden erleben.<\/p>\n<p>Klangerlebnis in einer festen Gruppe bis 6 Personen, einmal die Woche und 5 Wochen in Folge.<\/p>\n<p>Kurstermine auf Anfrage.<\/p>\n<p>Gro\u00dfes Klang-Event<\/p>\n<p>6 erfahrene Klangschalentherapeuten laden Sie ein zu einem besonderen Klangerlebnis mit \u00fcber 60 tibetischen Klangschalen<\/p>\n<p>und 13 gro\u00dfen Gongs. Tauchen Sie ein in die wundervollen Sph\u00e4ren des Klangs, genie\u00dfen Sie das Zur-Ruhe-Kommen von K\u00f6rper,<\/p>\n<p>Geist und Seele. Tanken Sie Kraft, Gelassenheit und Lebensfreude.<\/p>\n<p>2. &#8211; 4. Oktober 2009<\/p>\n<p>Zamir-Halle<\/p>\n<p>Bayreuth, Eduard-Bayerlein-Stra\u00dfe 8, gegen\u00fcber Arvena-Hotel<\/p>\n<p>\u00dcber mich!<\/p>\n<p>Seit 2005 erlebe ich die sanft energetisierende Wirkung der Klangtherapie und liebe das Eintauchen in die inneren Welten,<\/p>\n<p>welche eine bis dahin nie erlebte Bewusststeinserweiterung erm\u00f6glicht<\/p>\n<p>Um so mehr freue ich mich, die wohltuenden Kl\u00e4nge auch in Ihrem Leben eine Bereicherung werden zu lassen.<\/p>\n<p>Ich freue mich auf Sie!<\/p>\n<p>Petra Krause<\/p>\n<p>Klangschalentherapeutin des Institus f\u00fcr alternative<\/p>\n<p>Heilmethoden u. Sinneserfahrung Walter H\u00e4fner in Bischofsgr\u00fcn.<\/p>\n<p>Edelstein-Schmuckdesignerin<\/p>\n<p>J\u00f6slein 5<\/p>\n<p>95512 Neudrossenfeld<\/p>\n<p>Tel. 09203 \/ 6294<\/p>\n<p>E-Mail: petra345krause@gmx.de<\/p>\n","protected":false},"excerpt":{"rendered":"<p>Was ist Klangtherapie? Die Klangschalentherapie ist ein System bei dem tibetische Klangschalen, Zimbeln, Monocord, Klangliege und verschiedene Gongs zum Einsatz kommen. Die Klangschalen werden entsprechend dem Energiefeld des Menschen um und auf den K\u00f6rper gesetzt. Das gesamte Klangschalenset wird nach einem bestimmten System angeschlagen. Durch die sanften bis kraftvollen meditativen Kl\u00e4nge der Klangschalen und Gongs [&hellip;]<\/p>\n","protected":false},"author":2,"featured_media":0,"parent":0,"menu_order":3,"comment_status":"closed","ping_status":"closed","template":"","meta":{"footnotes":""},"class_list":["post-21","page","type-page","status-publish","hentry"],"_links":{"self":[{"href":"https:\/\/www.joeslein.de\/index.php\/wp-json\/wp\/v2\/pages\/21","targetHints":{"allow":["GET"]}}],"collection":[{"href":"https:\/\/www.joeslein.de\/index.php\/wp-json\/wp\/v2\/pages"}],"about":[{"href":"https:\/\/www.joeslein.de\/index.php\/wp-json\/wp\/v2\/types\/page"}],"author":[{"embeddable":true,"href":"https:\/\/www.joeslein.de\/index.php\/wp-json\/wp\/v2\/users\/2"}],"replies":[{"embeddable":true,"href":"https:\/\/www.joeslein.de\/index.php\/wp-json\/wp\/v2\/comments?post=21"}],"version-history":[{"count":1,"href":"https:\/\/www.joeslein.de\/index.php\/wp-json\/wp\/v2\/pages\/21\/revisions"}],"predecessor-version":[{"id":22,"href":"https:\/\/www.joeslein.de\/index.php\/wp-json\/wp\/v2\/pages\/21\/revisions\/22"}],"wp:attachment":[{"href":"https:\/\/www.joeslein.de\/index.php\/wp-json\/wp\/v2\/media?parent=21"}],"curies":[{"name":"wp","href":"https:\/\/api.w.org\/{rel}","templated":true}]}}