{"id":78,"date":"2018-03-05T08:48:48","date_gmt":"2018-03-05T07:48:48","guid":{"rendered":"http:\/\/joeslein.de\/?page_id=78"},"modified":"2018-03-05T08:48:48","modified_gmt":"2018-03-05T07:48:48","slug":"wetter-in-joeslein","status":"publish","type":"page","link":"https:\/\/www.joeslein.de\/index.php\/wetter-in-joeslein\/","title":{"rendered":"Wetter in J\u00f6slein"},"content":{"rendered":"<p>Falls sich jemand f\u00fcr das Wetter in J\u00f6slein interressiert, hier der Link zu den Wetterdaten, bereitgestellt von Jochen Egbers:<\/p>\n<p><a href=\"https:\/\/www.wunderground.com\/personal-weather-station\/dashboard?ID=INEUDROS4\">https:\/\/www.wunderground.com\/personal-weather-station\/dashboard?ID=INEUDROS4<\/a><\/p>\n","protected":false},"excerpt":{"rendered":"<p>Falls sich jemand f\u00fcr das Wetter in J\u00f6slein interressiert, hier der Link zu den Wetterdaten, bereitgestellt von Jochen Egbers: https:\/\/www.wunderground.com\/personal-weather-station\/dashboard?ID=INEUDROS4<\/p>\n","protected":false},"author":2,"featured_media":0,"parent":0,"menu_order":0,"comment_status":"closed","ping_status":"closed","template":"","meta":{"footnotes":""},"class_list":["post-78","page","type-page","status-publish","hentry"],"_links":{"self":[{"href":"https:\/\/www.joeslein.de\/index.php\/wp-json\/wp\/v2\/pages\/78","targetHints":{"allow":["GET"]}}],"collection":[{"href":"https:\/\/www.joeslein.de\/index.php\/wp-json\/wp\/v2\/pages"}],"about":[{"href":"https:\/\/www.joeslein.de\/index.php\/wp-json\/wp\/v2\/types\/page"}],"author":[{"embeddable":true,"href":"https:\/\/www.joeslein.de\/index.php\/wp-json\/wp\/v2\/users\/2"}],"replies":[{"embeddable":true,"href":"https:\/\/www.joeslein.de\/index.php\/wp-json\/wp\/v2\/comments?post=78"}],"version-history":[{"count":1,"href":"https:\/\/www.joeslein.de\/index.php\/wp-json\/wp\/v2\/pages\/78\/revisions"}],"predecessor-version":[{"id":79,"href":"https:\/\/www.joeslein.de\/index.php\/wp-json\/wp\/v2\/pages\/78\/revisions\/79"}],"wp:attachment":[{"href":"https:\/\/www.joeslein.de\/index.php\/wp-json\/wp\/v2\/media?parent=78"}],"curies":[{"name":"wp","href":"https:\/\/api.w.org\/{rel}","templated":true}]}}